{"id":1224,"date":"2021-04-05T22:59:08","date_gmt":"2021-04-05T19:59:08","guid":{"rendered":"https:\/\/makroteknik.org\/?page_id=1224"},"modified":"2021-04-05T23:07:27","modified_gmt":"2021-04-05T20:07:27","slug":"social-responsibility","status":"publish","type":"page","link":"https:\/\/makroteknik.org\/en\/about-us\/social-responsibility\/","title":{"rendered":"Social Responsibility"},"content":{"rendered":"<div class=\"wpb-content-wrapper\"><p>[vc_row css=&#8221;.vc_custom_1610573110668{padding-top: 75px !important;background-position: 0 0 !important;background-repeat: no-repeat !important;}&#8221; el_class=&#8221;side-bg no-padding&#8221;][vc_column][vc_column_text]In addition to the services it meticulously provides to its customers, Makro Teknik Limited also approaches the society and country it is based in sensibly within the scope of social responsibility. Accordingly, it provides sponsorship services to some municipalities and various non-governmental organizations.<\/p>\n<p>For example, Makro Teknik has provided great support to the reintegration of Nil\u00fcfer Park in K\u00f6\u015fkl\u00fc\u00e7iftlik, Nicosia in every aspect, from project design to the construction phase.[\/vc_column_text][\/vc_column][\/vc_row][vc_row][vc_column]\n\t<!-- Element: OT Image Gallery 1 -->\n\t<div class=\"row archi-image-gallery grid_gallery gallery de-gallery\">\t\n\t\t<div class=\"item-grid-sizer col-md-3\"><\/div>\n             \n\t        <!-- gallery item -->\n\t        <div class=\"col-md-3 item\">\n\t            <div class=\"picframe img-rounded\"> \n\t            \t           \t\n\t                \t<a class=\"gallery-images-popup-69f3bdcfc73fb\" title=\"sosyal-sorumluluk_2905\" href=\"https:\/\/makroteknik.org\/wp-content\/uploads\/2021\/01\/sosyal-sorumluluk_2905.jpg\">\n\t                \t\n\t                    <span class=\"overlay\">\n\t                        <span class=\"pf_text\">\n\t\t                         \n\t\t                        \t<span class=\"project-name\">sosyal-sorumluluk_2905<\/span>\n\t\t                           \n\t                        <\/span>\n\t                    <\/span>\n\t                <\/a>\n\t                <img loading=\"lazy\" decoding=\"async\" width=\"1024\" height=\"682\" src=\"https:\/\/makroteknik.org\/wp-content\/uploads\/2021\/01\/sosyal-sorumluluk_2905.jpg\" class=\"attachment-full size-full\" alt=\"\" srcset=\"https:\/\/makroteknik.org\/wp-content\/uploads\/2021\/01\/sosyal-sorumluluk_2905.jpg 1024w, https:\/\/makroteknik.org\/wp-content\/uploads\/2021\/01\/sosyal-sorumluluk_2905-300x200.jpg 300w, https:\/\/makroteknik.org\/wp-content\/uploads\/2021\/01\/sosyal-sorumluluk_2905-768x512.jpg 768w, https:\/\/makroteknik.org\/wp-content\/uploads\/2021\/01\/sosyal-sorumluluk_2905-750x499.jpg 750w\" sizes=\"(max-width: 1024px) 100vw, 1024px\" title=\"sosyal-sorumluluk_2905\" \/>\t            <\/div>\n\t        <\/div>\n\t        <!-- close gallery item -->  \n             \n\t        <!-- gallery item -->\n\t        <div class=\"col-md-3 item\">\n\t            <div class=\"picframe img-rounded\"> \n\t            \t           \t\n\t                \t<a class=\"gallery-images-popup-69f3bdcfc73fb\" title=\"sosyal-sorumluluk_2875\" href=\"https:\/\/makroteknik.org\/wp-content\/uploads\/2021\/01\/sosyal-sorumluluk_2875.jpg\">\n\t                \t\n\t                    <span class=\"overlay\">\n\t                        <span class=\"pf_text\">\n\t\t                         \n\t\t                        \t<span class=\"project-name\">sosyal-sorumluluk_2875<\/span>\n\t\t                           \n\t                        <\/span>\n\t                    <\/span>\n\t                <\/a>\n\t                <img loading=\"lazy\" decoding=\"async\" width=\"1024\" height=\"682\" src=\"https:\/\/makroteknik.org\/wp-content\/uploads\/2021\/01\/sosyal-sorumluluk_2875.jpg\" class=\"attachment-full size-full\" alt=\"\" srcset=\"https:\/\/makroteknik.org\/wp-content\/uploads\/2021\/01\/sosyal-sorumluluk_2875.jpg 1024w, https:\/\/makroteknik.org\/wp-content\/uploads\/2021\/01\/sosyal-sorumluluk_2875-300x200.jpg 300w, https:\/\/makroteknik.org\/wp-content\/uploads\/2021\/01\/sosyal-sorumluluk_2875-768x512.jpg 768w, https:\/\/makroteknik.org\/wp-content\/uploads\/2021\/01\/sosyal-sorumluluk_2875-750x499.jpg 750w\" sizes=\"(max-width: 1024px) 100vw, 1024px\" title=\"sosyal-sorumluluk_2875\" \/>\t            <\/div>\n\t        <\/div>\n\t        <!-- close gallery item -->  \n             \n\t        <!-- gallery item -->\n\t        <div class=\"col-md-3 item\">\n\t            <div class=\"picframe img-rounded\"> \n\t            \t           \t\n\t                \t<a class=\"gallery-images-popup-69f3bdcfc73fb\" title=\"sosyal-sorumluluk_2901\" href=\"https:\/\/makroteknik.org\/wp-content\/uploads\/2021\/01\/sosyal-sorumluluk_2901.jpg\">\n\t                \t\n\t                    <span class=\"overlay\">\n\t                        <span class=\"pf_text\">\n\t\t                         \n\t\t                        \t<span class=\"project-name\">sosyal-sorumluluk_2901<\/span>\n\t\t                           \n\t                        <\/span>\n\t                    <\/span>\n\t                <\/a>\n\t                <img loading=\"lazy\" decoding=\"async\" width=\"1024\" height=\"682\" src=\"https:\/\/makroteknik.org\/wp-content\/uploads\/2021\/01\/sosyal-sorumluluk_2901.jpg\" class=\"attachment-full size-full\" alt=\"\" srcset=\"https:\/\/makroteknik.org\/wp-content\/uploads\/2021\/01\/sosyal-sorumluluk_2901.jpg 1024w, https:\/\/makroteknik.org\/wp-content\/uploads\/2021\/01\/sosyal-sorumluluk_2901-300x200.jpg 300w, https:\/\/makroteknik.org\/wp-content\/uploads\/2021\/01\/sosyal-sorumluluk_2901-768x512.jpg 768w, https:\/\/makroteknik.org\/wp-content\/uploads\/2021\/01\/sosyal-sorumluluk_2901-750x499.jpg 750w\" sizes=\"(max-width: 1024px) 100vw, 1024px\" title=\"sosyal-sorumluluk_2901\" \/>\t            <\/div>\n\t        <\/div>\n\t        <!-- close gallery item -->  \n             \n\t        <!-- gallery item -->\n\t        <div class=\"col-md-3 item\">\n\t            <div class=\"picframe img-rounded\"> \n\t            \t           \t\n\t                \t<a class=\"gallery-images-popup-69f3bdcfc73fb\" title=\"sosyal-sorumluluk_2876\" href=\"https:\/\/makroteknik.org\/wp-content\/uploads\/2021\/01\/sosyal-sorumluluk_2876.jpg\">\n\t                \t\n\t                    <span class=\"overlay\">\n\t                        <span class=\"pf_text\">\n\t\t                         \n\t\t                        \t<span class=\"project-name\">sosyal-sorumluluk_2876<\/span>\n\t\t                           \n\t                        <\/span>\n\t                    <\/span>\n\t                <\/a>\n\t                <img loading=\"lazy\" decoding=\"async\" width=\"1024\" height=\"682\" src=\"https:\/\/makroteknik.org\/wp-content\/uploads\/2021\/01\/sosyal-sorumluluk_2876.jpg\" class=\"attachment-full size-full\" alt=\"\" srcset=\"https:\/\/makroteknik.org\/wp-content\/uploads\/2021\/01\/sosyal-sorumluluk_2876.jpg 1024w, https:\/\/makroteknik.org\/wp-content\/uploads\/2021\/01\/sosyal-sorumluluk_2876-300x200.jpg 300w, https:\/\/makroteknik.org\/wp-content\/uploads\/2021\/01\/sosyal-sorumluluk_2876-768x512.jpg 768w, https:\/\/makroteknik.org\/wp-content\/uploads\/2021\/01\/sosyal-sorumluluk_2876-750x499.jpg 750w\" sizes=\"(max-width: 1024px) 100vw, 1024px\" title=\"sosyal-sorumluluk_2876\" \/>\t            <\/div>\n\t        <\/div>\n\t        <!-- close gallery item -->  \n           \n    <\/div>\n\n    <script type=\"text\/javascript\">\n\t    jQuery(document).ready(function() {  \n\t   \t\t'use strict';\n\t   \t\tjQuery('.gallery-images-popup-69f3bdcfc73fb').magnificPopup({\n\t\t\t\ttype: 'image',\n\t\t\t\tcloseOnContentClick: false,\n\t\t\t\tcloseBtnInside: false,\n\t\t\t\tmainClass: 'mfp-with-zoom mfp-img-mobile',\n\t\t\t\timage: {\n\t\t\t\t\tverticalFit: true,\n\t\t\t\t\ttitleSrc: function(item) {\n\t\t\t\t\t\treturn item.el.attr('title');\n\t\t\t\t\t\t\/\/return item.el.attr('title') + ' &middot; <a class=\"image-source-link\" href=\"'+item.el.attr('data-source')+'\" target=\"_blank\">image source<\/a>';\n\t\t\t\t\t}\n\t\t\t\t},\n\t\t\t\tgallery: {\n\t\t\t\t\tenabled: true\n\t\t\t\t}\t\t\n\t\t\t}); \n\t\t });\n    <\/script>\n[\/vc_column][\/vc_row]<\/p>\n<\/div>","protected":false},"excerpt":{"rendered":"<p>[vc_row css=&#8221;.vc_custom_1610573110668{padding-top: 75px !important;background-position: 0 0 !important;background-repeat: no-repeat !important;}&#8221; el_class=&#8221;side-bg no-padding&#8221;][vc_column][vc_column_text]In addition to the services it meticulously provides to its customers, Makro Teknik Limited also approaches the society and country it is based in sensibly within the scope of social responsibility. Accordingly, it provides sponsorship services to some municipalities and various non-governmental organizations. For example, [&hellip;]<\/p>\n","protected":false},"author":1,"featured_media":0,"parent":1202,"menu_order":0,"comment_status":"closed","ping_status":"closed","template":"page-templates\/template-fullwidth.php","meta":{"footnotes":""},"class_list":["post-1224","page","type-page","status-publish","hentry"],"_links":{"self":[{"href":"https:\/\/makroteknik.org\/en\/wp-json\/wp\/v2\/pages\/1224"}],"collection":[{"href":"https:\/\/makroteknik.org\/en\/wp-json\/wp\/v2\/pages"}],"about":[{"href":"https:\/\/makroteknik.org\/en\/wp-json\/wp\/v2\/types\/page"}],"author":[{"embeddable":true,"href":"https:\/\/makroteknik.org\/en\/wp-json\/wp\/v2\/users\/1"}],"replies":[{"embeddable":true,"href":"https:\/\/makroteknik.org\/en\/wp-json\/wp\/v2\/comments?post=1224"}],"version-history":[{"count":2,"href":"https:\/\/makroteknik.org\/en\/wp-json\/wp\/v2\/pages\/1224\/revisions"}],"predecessor-version":[{"id":1240,"href":"https:\/\/makroteknik.org\/en\/wp-json\/wp\/v2\/pages\/1224\/revisions\/1240"}],"up":[{"embeddable":true,"href":"https:\/\/makroteknik.org\/en\/wp-json\/wp\/v2\/pages\/1202"}],"wp:attachment":[{"href":"https:\/\/makroteknik.org\/en\/wp-json\/wp\/v2\/media?parent=1224"}],"curies":[{"name":"wp","href":"https:\/\/api.w.org\/{rel}","templated":true}]}}